{"id":1411,"date":"2026-02-18T10:11:55","date_gmt":"2026-02-18T10:11:55","guid":{"rendered":"https:\/\/salvatorebianco.it\/?page_id=1411"},"modified":"2026-04-07T10:24:26","modified_gmt":"2026-04-07T10:24:26","slug":"il-mare-in-materia","status":"publish","type":"page","link":"https:\/\/salvatorebianco.it\/es\/il-mare-in-materia\/","title":{"rendered":"El Mar en Materia"},"content":{"rendered":"<div class=\"wp-block-uagb-container uagb-block-997b91ac alignfull uagb-is-root-container\">\n<div class=\"wp-block-uagb-advanced-heading uagb-block-97862aaa\"><p class=\"uagb-heading-text\">Materia, Mare, Visione<\/p><\/div>\n<\/div>\n\n\n\n<div class=\"wp-block-uagb-container uagb-block-f9efcb28 alignfull uagb-is-root-container\">\n<div class=\"wp-block-uagb-container uagb-block-648aab45\">\n<div class=\"wp-block-uagb-advanced-heading uagb-block-3906a769\"><h1 class=\"uagb-heading-text\">El Mar en Materia<\/h1><\/div>\n\n\n\n<div class=\"wp-block-uagb-advanced-heading uagb-block-251c12d2 sbc-reveal giustificato\"><p class=\"uagb-heading-text\">El mar y el arte siempre han sido constantes en mi vida. A menudo me preguntaba, y me sigo preguntando hoy, qu\u00e9 se necesita para ser un buen cocinero, y a menudo encontraba, y sigo encontrando, la respuesta en el mar y en el arte, con su energ\u00eda, belleza y misterio.<br><br>Como hijo de un pueblo de navegantes, me pregunt\u00e9 cu\u00e1l era la ruta correcta para crecer y aprender el oficio: quer\u00eda explorar, entender y ver. He estado en muchos lugares y he tenido la fortuna de trabajar con grandes maestros.<br><br>Uno en particular se convirti\u00f3 desde el principio en mi mentor, porque en \u00e9l reconoc\u00eda al cocinero moderno. De Gualtiero Marchesi aprend\u00ed que la cocina es arte y artesan\u00eda, t\u00e9cnica y conocimiento, pero tambi\u00e9n investigaci\u00f3n y tradici\u00f3n. Pero sobre todo, la importancia de la ense\u00f1anza que parte de nosotros mismos para luego transmitirla a otros: \"Sapere Aude\" \u2014 atr\u00e9vete a conocer.<br><br>Haber viajado tanto me ha llevado a amar cada vez m\u00e1s mi tierra, redescubriendo e investigando mis ra\u00edces, dando valor y arte a los ingredientes y a las tradiciones.<\/p><\/div>\n<\/div>\n\n\n\n<div class=\"wp-block-uagb-container uagb-block-34b88b45\"><div class=\"uagb-container__video-wrap\"><video autoplay loop muted playsinline><source src=\"https:\/\/salvatorebianco.it\/wp-content\/uploads\/12613695-uhd_3840_2160_60fps.mp4\" type=\"video\/mp4\"\/><\/video><\/div><\/div>\n<\/div>\n\n\n\n<div class=\"wp-block-uagb-container uagb-block-00552e7e alignfull uagb-is-root-container\">\n<div class=\"wp-block-uagb-container uagb-block-b039a611\">\n<div class=\"wp-block-uagb-image uagb-block-4ce64987 wp-block-uagb-image--layout-default wp-block-uagb-image--effect-static wp-block-uagb-image--align-none\"><figure class=\"wp-block-uagb-image__figure\"><img decoding=\"async\" srcset=\"https:\/\/salvatorebianco.it\/wp-content\/uploads\/image00016-1024x683.jpg ,https:\/\/salvatorebianco.it\/wp-content\/uploads\/image00016.jpg 780w, https:\/\/salvatorebianco.it\/wp-content\/uploads\/image00016.jpg 360w\" sizes=\"auto, (max-width: 480px) 150px\" src=\"https:\/\/salvatorebianco.it\/wp-content\/uploads\/image00016-1024x683.jpg\" alt=\"\" class=\"uag-image-1340\" width=\"1024\" height=\"683\" title=\"image00016\" loading=\"lazy\" role=\"img\"\/><\/figure><\/div>\n<\/div>\n\n\n\n<div class=\"wp-block-uagb-container uagb-block-50b1731c\">\n<div class=\"wp-block-uagb-image uagb-block-74f0faaf wp-block-uagb-image--layout-default wp-block-uagb-image--effect-static wp-block-uagb-image--align-none\"><figure class=\"wp-block-uagb-image__figure\"><img decoding=\"async\" srcset=\"https:\/\/salvatorebianco.it\/wp-content\/uploads\/Salvatorebiancochef_5-1024x682.png ,https:\/\/salvatorebianco.it\/wp-content\/uploads\/Salvatorebiancochef_5.png 780w, https:\/\/salvatorebianco.it\/wp-content\/uploads\/Salvatorebiancochef_5.png 360w\" sizes=\"auto, (max-width: 480px) 150px\" src=\"https:\/\/salvatorebianco.it\/wp-content\/uploads\/Salvatorebiancochef_5-1024x682.png\" alt=\"\" class=\"uag-image-1755\" width=\"1024\" height=\"682\" title=\"Salvatorebiancochef_5\" loading=\"lazy\" role=\"img\"\/><\/figure><\/div>\n<\/div>\n\n\n\n<div class=\"wp-block-uagb-container uagb-block-b6058554\">\n<div class=\"wp-block-uagb-image uagb-block-2061d51d wp-block-uagb-image--layout-default wp-block-uagb-image--effect-static wp-block-uagb-image--align-none\"><figure class=\"wp-block-uagb-image__figure\"><img decoding=\"async\" srcset=\"https:\/\/salvatorebianco.it\/wp-content\/uploads\/Salvatorebiancochef_small_3.png ,https:\/\/salvatorebianco.it\/wp-content\/uploads\/Salvatorebiancochef_small_3.png 780w, https:\/\/salvatorebianco.it\/wp-content\/uploads\/Salvatorebiancochef_small_3.png 360w\" sizes=\"auto, (max-width: 480px) 150px\" src=\"https:\/\/salvatorebianco.it\/wp-content\/uploads\/Salvatorebiancochef_small_3.png\" alt=\"\" class=\"uag-image-1786\" width=\"2560\" height=\"1706\" title=\"Salvatorebiancochef_small_3\" loading=\"lazy\" role=\"img\"\/><\/figure><\/div>\n<\/div>\n<\/div>\n\n\n\n<div class=\"wp-block-uagb-container uagb-layout-grid uagb-block-0f602079 alignfull uagb-is-root-container\"><div class=\"uagb-container-inner-blocks-wrap\">\n<div class=\"wp-block-uagb-container uagb-block-f435a508\">\n<div class=\"wp-block-uagb-advanced-heading uagb-block-fc3a6c8d\"><h2 class=\"uagb-heading-text\">Mantente en Contacto<\/h2><p class=\"uagb-desc-text\">Cada gran plato nace de un encuentro. Cu\u00e9ntame tu idea y transform\u00e9mosla en una experiencia gastron\u00f3mica a medida.<\/p><\/div>\n\n\n\n<div class=\"wp-block-uagb-container uagb-block-d9013e49\">\n<div class=\"wp-block-group is-content-justification-center is-nowrap is-layout-flex wp-container-core-group-is-layout-23441af8 wp-block-group-is-layout-flex\">\n<div class=\"wp-block-button\"><a class=\"wp-block-button__link wp-element-button\" href=\"https:\/\/salvatorebianco.it\/es\/contatti\/#form\">IR AL FORMULARIO<\/a><\/div>\n<\/div>\n<\/div>\n<\/div>\n<\/div><\/div>","protected":false},"excerpt":{"rendered":"<p>Materia, Mare, Visione Il mare in materia Il mare e l\u2019arte sono stati sempre tra le costanti della mia vita. [&hellip;]<\/p>\n","protected":false},"author":1,"featured_media":0,"parent":0,"menu_order":0,"comment_status":"closed","ping_status":"closed","template":"","meta":{"_uag_custom_page_level_css":"","site-sidebar-layout":"default","site-content-layout":"","ast-site-content-layout":"default","site-content-style":"default","site-sidebar-style":"default","ast-global-header-display":"","ast-banner-title-visibility":"","ast-main-header-display":"","ast-hfb-above-header-display":"","ast-hfb-below-header-display":"","ast-hfb-mobile-header-display":"","site-post-title":"disabled","ast-breadcrumbs-content":"","ast-featured-img":"","footer-sml-layout":"","ast-disable-related-posts":"","theme-transparent-header-meta":"","adv-header-id-meta":"","stick-header-meta":"","header-above-stick-meta":"","header-main-stick-meta":"","header-below-stick-meta":"","astra-migrate-meta-layouts":"default","ast-page-background-enabled":"default","ast-page-background-meta":{"desktop":{"background-color":"var(--ast-global-color-5)","background-image":"","background-repeat":"repeat","background-position":"center center","background-size":"auto","background-attachment":"scroll","background-type":"","background-media":"","overlay-type":"","overlay-color":"","overlay-opacity":"","overlay-gradient":""},"tablet":{"background-color":"","background-image":"","background-repeat":"repeat","background-position":"center center","background-size":"auto","background-attachment":"scroll","background-type":"","background-media":"","overlay-type":"","overlay-color":"","overlay-opacity":"","overlay-gradient":""},"mobile":{"background-color":"","background-image":"","background-repeat":"repeat","background-position":"center center","background-size":"auto","background-attachment":"scroll","background-type":"","background-media":"","overlay-type":"","overlay-color":"","overlay-opacity":"","overlay-gradient":""}},"ast-content-background-meta":{"desktop":{"background-color":"var(--ast-global-color-4)","background-image":"","background-repeat":"repeat","background-position":"center center","background-size":"auto","background-attachment":"scroll","background-type":"","background-media":"","overlay-type":"","overlay-color":"","overlay-opacity":"","overlay-gradient":""},"tablet":{"background-color":"var(--ast-global-color-4)","background-image":"","background-repeat":"repeat","background-position":"center center","background-size":"auto","background-attachment":"scroll","background-type":"","background-media":"","overlay-type":"","overlay-color":"","overlay-opacity":"","overlay-gradient":""},"mobile":{"background-color":"var(--ast-global-color-4)","background-image":"","background-repeat":"repeat","background-position":"center center","background-size":"auto","background-attachment":"scroll","background-type":"","background-media":"","overlay-type":"","overlay-color":"","overlay-opacity":"","overlay-gradient":""}},"footnotes":""},"class_list":["post-1411","page","type-page","status-publish","hentry"],"uagb_featured_image_src":{"full":false,"thumbnail":false,"medium":false,"medium_large":false,"large":false,"1536x1536":false,"2048x2048":false,"trp-custom-language-flag":false,"gform-image-choice-sm":false,"gform-image-choice-md":false,"gform-image-choice-lg":false},"uagb_author_info":{"display_name":"admin","author_link":"https:\/\/salvatorebianco.it\/es\/author\/mail_yesdtncl\/"},"uagb_comment_info":0,"uagb_excerpt":"Materia, Mare, Visione Il mare in materia Il mare e l\u2019arte sono stati sempre tra le costanti della mia vita. [&hellip;]","_links":{"self":[{"href":"https:\/\/salvatorebianco.it\/es\/wp-json\/wp\/v2\/pages\/1411","targetHints":{"allow":["GET"]}}],"collection":[{"href":"https:\/\/salvatorebianco.it\/es\/wp-json\/wp\/v2\/pages"}],"about":[{"href":"https:\/\/salvatorebianco.it\/es\/wp-json\/wp\/v2\/types\/page"}],"author":[{"embeddable":true,"href":"https:\/\/salvatorebianco.it\/es\/wp-json\/wp\/v2\/users\/1"}],"replies":[{"embeddable":true,"href":"https:\/\/salvatorebianco.it\/es\/wp-json\/wp\/v2\/comments?post=1411"}],"version-history":[{"count":23,"href":"https:\/\/salvatorebianco.it\/es\/wp-json\/wp\/v2\/pages\/1411\/revisions"}],"predecessor-version":[{"id":1795,"href":"https:\/\/salvatorebianco.it\/es\/wp-json\/wp\/v2\/pages\/1411\/revisions\/1795"}],"wp:attachment":[{"href":"https:\/\/salvatorebianco.it\/es\/wp-json\/wp\/v2\/media?parent=1411"}],"curies":[{"name":"wp","href":"https:\/\/api.w.org\/{rel}","templated":true}]}}