{"id":68,"date":"2026-01-08T15:06:20","date_gmt":"2026-01-08T15:06:20","guid":{"rendered":"https:\/\/salvatorebianco.it\/?page_id=68"},"modified":"2026-04-07T13:33:13","modified_gmt":"2026-04-07T13:33:13","slug":"hiio","status":"publish","type":"page","link":"https:\/\/salvatorebianco.it\/es\/hiio\/","title":{"rendered":"HIIO"},"content":{"rendered":"<div class=\"wp-block-uagb-container uagb-block-997b91ac alignfull uagb-is-root-container\">\n<div class=\"wp-block-uagb-advanced-heading uagb-block-97862aaa\"><p class=\"uagb-heading-text\">Salvatore Bianco<\/p><\/div>\n<\/div>\n\n\n\n<div class=\"wp-block-uagb-container uagb-block-2204ddb7 alignfull uagb-is-root-container\">\n<div class=\"wp-block-uagb-container uagb-block-f9efcb28 alignfull uagb-is-root-container\">\n<div class=\"wp-block-uagb-container uagb-block-648aab45\">\n<div class=\"wp-block-uagb-advanced-heading uagb-block-3906a769\"><h1 class=\"uagb-heading-text\">Soy HIIO<\/h1><\/div>\n\n\n\n<div class=\"wp-block-uagb-advanced-heading uagb-block-251c12d2 sbc-reveal-bio giustificato\"><p class=\"uagb-heading-text\">Nac\u00ed en Torre del Greco, una ciudad en la provincia de N\u00e1poles, apreciada en todo el mundo por el coral, los camafeos, las flores y por su tradici\u00f3n de pueblo de navegantes y grandes cocineros. Mi padre escultor, mi abuelo y mi bisabuelo pintores: quiz\u00e1s es de ellos de donde nace mi pasi\u00f3n por el arte. Mi creatividad intento trasladarla cada d\u00eda a la cocina, con pasi\u00f3n y dedicaci\u00f3n, en una b\u00fasqueda continua entre territorio, tradici\u00f3n, arte y vanguardia.<\/p><\/div>\n\n\n\n<div class=\"wp-block-uagb-blockquote uagb-block-2b961d5a uagb-blockquote__skin-quotation uagb-blockquote__align-left uagb-blockquote__style-style_2 uagb-blockquote__stack-img-none sbc-reveal-quote\"><blockquote class=\"uagb-blockquote\"><span class=\"uagb-blockquote__icon\"><svg width=\"20\" height=\"20\" viewbox=\"0 0 32 32\"><path d=\"M7.031 14c3.866 0 7 3.134 7 7s-3.134 7-7 7-7-3.134-7-7l-0.031-1c0-7.732 6.268-14 14-14v4c-2.671 0-5.182 1.040-7.071 2.929-0.364 0.364-0.695 0.751-0.995 1.157 0.357-0.056 0.724-0.086 1.097-0.086zM25.031 14c3.866 0 7 3.134 7 7s-3.134 7-7 7-7-3.134-7-7l-0.031-1c0-7.732 6.268-14 14-14v4c-2.671 0-5.182 1.040-7.071 2.929-0.364 0.364-0.695 0.751-0.995 1.157 0.358-0.056 0.724-0.086 1.097-0.086z\"><\/path><\/svg><\/span><div class=\"uagb-blockquote__content\">La cocina es una forma de arte \u00fanica, la \u00fanica que puede hacer interactuar todos los sentidos al mismo tiempo..<\/div><footer><div class=\"uagb-blockquote__author-wrap uagb-blockquote__author-at-left\"><\/div><\/footer><\/blockquote><\/div>\n<\/div>\n\n\n\n<div class=\"wp-block-uagb-container uagb-block-34b88b45\">\n<div class=\"wp-block-uagb-image uagb-block-ad7e5ed4 wp-block-uagb-image--layout-default wp-block-uagb-image--effect-static wp-block-uagb-image--align-none\"><figure class=\"wp-block-uagb-image__figure\"><img decoding=\"async\" srcset=\"https:\/\/salvatorebianco.it\/wp-content\/uploads\/Salvatorebiancochef_-5-1024x682.png ,https:\/\/salvatorebianco.it\/wp-content\/uploads\/Salvatorebiancochef_-5.png 780w, https:\/\/salvatorebianco.it\/wp-content\/uploads\/Salvatorebiancochef_-5.png 360w\" sizes=\"auto, (max-width: 480px) 150px\" src=\"https:\/\/salvatorebianco.it\/wp-content\/uploads\/Salvatorebiancochef_-5-1024x682.png\" alt=\"\" class=\"uag-image-1804\" width=\"1024\" height=\"682\" title=\"Salvatorebiancochef_ (5)\" loading=\"lazy\" role=\"img\"\/><\/figure><\/div>\n<\/div>\n<\/div>\n\n\n\n<div class=\"wp-block-uagb-container uagb-block-c88f931e alignfull uagb-is-root-container\">\n<div class=\"wp-block-uagb-container uagb-block-07a1e317\">\n<div class=\"wp-block-uagb-advanced-heading uagb-block-2fa2b024\"><h2 class=\"uagb-heading-text\">Reconocimientos<\/h2><\/div>\n\n\n\n<div class=\"wp-block-uagb-advanced-heading uagb-block-4f396bd8 sbc-reveal giustificato\"><p class=\"uagb-heading-text\">Nel corso del mio percorso professionale ho avuto l\u2019onore di ricevere riconoscimenti che rappresentano non solo traguardi personali, ma tappe importanti di una continua crescita in cucina<\/p><\/div>\n\n\n\n<div class=\"wp-block-uagb-icon-list uagb-block-a135a1d2\"><div class=\"uagb-icon-list__wrap\">\n<div class=\"wp-block-uagb-icon-list-child uagb-block-f6e492aa translation-block\"><span class=\"uagb-icon-list__label\"><strong>1 Estrella Michelin \u2013 \"Ristorante La Terrazza\", Hotel Eden (Roma)<br><\/strong>Un reconocimiento a mi cocina contempor\u00e1nea, entre t\u00e9cnica y elegancia.\n<\/span><\/div>\n\n\n\n<div class=\"wp-block-uagb-icon-list-child uagb-block-2aaa919a\"><span class=\"uagb-icon-list__label\"><strong>1 Estrella Michelin \u2013 Restaurante \"Il Comandante\" (N\u00e1poles)<br><\/strong>Mantenida desde 2012, representa constancia, investigaci\u00f3n e identidad.<\/span><\/div>\n\n\n\n<div class=\"wp-block-uagb-icon-list-child uagb-block-4dd863ed\"><span class=\"uagb-icon-list__label\"><strong>Premio Laudemio\u00ae (2017)<br><\/strong>Per la creativit\u00e0 e l\u2019uso consapevole dell\u2019olio extravergine.<\/span><\/div>\n\n\n\n<div class=\"wp-block-uagb-icon-list-child uagb-block-9448322b\"><span class=\"uagb-icon-list__label\"><strong>\"Chef del A\u00f1o\" \u2013 Gu\u00eda Mangia&amp;Bevi Campania<\/strong><br>Por el trabajo realizado como chef ejecutivo y por la valorizaci\u00f3n de la tradici\u00f3n napolitana.<\/span><\/div>\n\n\n\n<div class=\"wp-block-uagb-icon-list-child uagb-block-4ff6ce77\"><span class=\"uagb-icon-list__label\"><strong>Restaurante Il Comandante incluido en la gu\u00eda \"Le Soste\"<\/strong><br>Un logro que narra un camino hecho de pasi\u00f3n.<\/span><\/div>\n\n\n\n<div class=\"wp-block-uagb-icon-list-child uagb-block-0afe5082\"><span class=\"uagb-icon-list__label\"><strong>Premios y menciones en eventos y gu\u00edas como \"Identit\u00e0 Golose\"<\/strong><br>Reconocimientos a la investigaci\u00f3n est\u00e9tica y t\u00e9cnica de mis platos.<\/span><\/div>\n<\/div><\/div>\n<\/div>\n\n\n\n<div class=\"wp-block-uagb-container uagb-block-6c5b5712\">\n<div class=\"wp-block-uagb-image uagb-block-c3d3b3a9 wp-block-uagb-image--layout-default wp-block-uagb-image--effect-static wp-block-uagb-image--align-none\"><figure class=\"wp-block-uagb-image__figure\"><img decoding=\"async\" srcset=\"https:\/\/salvatorebianco.it\/wp-content\/uploads\/Salvatore-Bianco-Chef-Ritratto-1024x682.jpg ,https:\/\/salvatorebianco.it\/wp-content\/uploads\/Salvatore-Bianco-Chef-Ritratto.jpg 780w, https:\/\/salvatorebianco.it\/wp-content\/uploads\/Salvatore-Bianco-Chef-Ritratto.jpg 360w\" sizes=\"auto, (max-width: 480px) 150px\" src=\"https:\/\/salvatorebianco.it\/wp-content\/uploads\/Salvatore-Bianco-Chef-Ritratto-1024x682.jpg\" alt=\"\" class=\"uag-image-1621\" width=\"1024\" height=\"682\" title=\"Salvatore-Bianco-Chef-Ritratto\" loading=\"lazy\" role=\"img\"\/><\/figure><\/div>\n<\/div>\n<\/div>\n<\/div>\n\n\n\n<div class=\"wp-block-uagb-container uagb-layout-grid uagb-block-0f602079 alignfull uagb-is-root-container\"><div class=\"uagb-container-inner-blocks-wrap\">\n<div class=\"wp-block-uagb-container uagb-block-f435a508\">\n<div class=\"wp-block-uagb-advanced-heading uagb-block-fc3a6c8d\"><h2 class=\"uagb-heading-text\">Mantente en Contacto<\/h2><p class=\"uagb-desc-text\">Cada gran plato nace de un encuentro. Cu\u00e9ntame tu idea y transform\u00e9mosla en una experiencia gastron\u00f3mica a medida.<\/p><\/div>\n\n\n\n<div class=\"wp-block-uagb-container uagb-block-d9013e49\">\n<div class=\"wp-block-group is-content-justification-center is-nowrap is-layout-flex wp-container-core-group-is-layout-23441af8 wp-block-group-is-layout-flex\">\n<div class=\"wp-block-button\"><a class=\"wp-block-button__link wp-element-button\" href=\"https:\/\/salvatorebianco.it\/es\/contatti\/#form\">IR AL FORMULARIO<\/a><\/div>\n<\/div>\n<\/div>\n<\/div>\n<\/div><\/div>\n\n\n\n<p><\/p>","protected":false},"excerpt":{"rendered":"<p>Salvatore Bianco Sono HIIO Sono nato a Torre del Greco, una citt\u00e0 in provincia di Napoli, apprezzata in tutto il [&hellip;]<\/p>\n","protected":false},"author":1,"featured_media":0,"parent":0,"menu_order":0,"comment_status":"closed","ping_status":"closed","template":"","meta":{"_uag_custom_page_level_css":"","site-sidebar-layout":"no-sidebar","site-content-layout":"","ast-site-content-layout":"full-width-container","site-content-style":"default","site-sidebar-style":"default","ast-global-header-display":"","ast-banner-title-visibility":"","ast-main-header-display":"","ast-hfb-above-header-display":"","ast-hfb-below-header-display":"","ast-hfb-mobile-header-display":"","site-post-title":"disabled","ast-breadcrumbs-content":"","ast-featured-img":"disabled","footer-sml-layout":"","ast-disable-related-posts":"","theme-transparent-header-meta":"","adv-header-id-meta":"","stick-header-meta":"","header-above-stick-meta":"","header-main-stick-meta":"","header-below-stick-meta":"","astra-migrate-meta-layouts":"default","ast-page-background-enabled":"default","ast-page-background-meta":{"desktop":{"background-color":"var(--ast-global-color-5)","background-image":"","background-repeat":"repeat","background-position":"center center","background-size":"auto","background-attachment":"scroll","background-type":"","background-media":"","overlay-type":"","overlay-color":"","overlay-opacity":"","overlay-gradient":""},"tablet":{"background-color":"","background-image":"","background-repeat":"repeat","background-position":"center center","background-size":"auto","background-attachment":"scroll","background-type":"","background-media":"","overlay-type":"","overlay-color":"","overlay-opacity":"","overlay-gradient":""},"mobile":{"background-color":"","background-image":"","background-repeat":"repeat","background-position":"center center","background-size":"auto","background-attachment":"scroll","background-type":"","background-media":"","overlay-type":"","overlay-color":"","overlay-opacity":"","overlay-gradient":""}},"ast-content-background-meta":{"desktop":{"background-color":"var(--ast-global-color-4)","background-image":"","background-repeat":"repeat","background-position":"center center","background-size":"auto","background-attachment":"scroll","background-type":"","background-media":"","overlay-type":"","overlay-color":"","overlay-opacity":"","overlay-gradient":""},"tablet":{"background-color":"var(--ast-global-color-4)","background-image":"","background-repeat":"repeat","background-position":"center center","background-size":"auto","background-attachment":"scroll","background-type":"","background-media":"","overlay-type":"","overlay-color":"","overlay-opacity":"","overlay-gradient":""},"mobile":{"background-color":"var(--ast-global-color-4)","background-image":"","background-repeat":"repeat","background-position":"center center","background-size":"auto","background-attachment":"scroll","background-type":"","background-media":"","overlay-type":"","overlay-color":"","overlay-opacity":"","overlay-gradient":""}},"footnotes":""},"class_list":["post-68","page","type-page","status-publish","hentry"],"uagb_featured_image_src":{"full":false,"thumbnail":false,"medium":false,"medium_large":false,"large":false,"1536x1536":false,"2048x2048":false,"trp-custom-language-flag":false,"gform-image-choice-sm":false,"gform-image-choice-md":false,"gform-image-choice-lg":false},"uagb_author_info":{"display_name":"admin","author_link":"https:\/\/salvatorebianco.it\/es\/author\/mail_yesdtncl\/"},"uagb_comment_info":0,"uagb_excerpt":"Salvatore Bianco Sono HIIO Sono nato a Torre del Greco, una citt\u00e0 in provincia di Napoli, apprezzata in tutto il [&hellip;]","_links":{"self":[{"href":"https:\/\/salvatorebianco.it\/es\/wp-json\/wp\/v2\/pages\/68","targetHints":{"allow":["GET"]}}],"collection":[{"href":"https:\/\/salvatorebianco.it\/es\/wp-json\/wp\/v2\/pages"}],"about":[{"href":"https:\/\/salvatorebianco.it\/es\/wp-json\/wp\/v2\/types\/page"}],"author":[{"embeddable":true,"href":"https:\/\/salvatorebianco.it\/es\/wp-json\/wp\/v2\/users\/1"}],"replies":[{"embeddable":true,"href":"https:\/\/salvatorebianco.it\/es\/wp-json\/wp\/v2\/comments?post=68"}],"version-history":[{"count":236,"href":"https:\/\/salvatorebianco.it\/es\/wp-json\/wp\/v2\/pages\/68\/revisions"}],"predecessor-version":[{"id":1831,"href":"https:\/\/salvatorebianco.it\/es\/wp-json\/wp\/v2\/pages\/68\/revisions\/1831"}],"wp:attachment":[{"href":"https:\/\/salvatorebianco.it\/es\/wp-json\/wp\/v2\/media?parent=68"}],"curies":[{"name":"wp","href":"https:\/\/api.w.org\/{rel}","templated":true}]}}