{"id":1411,"date":"2026-02-18T10:11:55","date_gmt":"2026-02-18T10:11:55","guid":{"rendered":"https:\/\/salvatorebianco.it\/?page_id=1411"},"modified":"2026-04-07T10:24:26","modified_gmt":"2026-04-07T10:24:26","slug":"il-mare-in-materia","status":"publish","type":"page","link":"https:\/\/salvatorebianco.it\/fr\/il-mare-in-materia\/","title":{"rendered":"La Mer en Mati\u00e8re"},"content":{"rendered":"<div class=\"wp-block-uagb-container uagb-block-997b91ac alignfull uagb-is-root-container\">\n<div class=\"wp-block-uagb-advanced-heading uagb-block-97862aaa\"><p class=\"uagb-heading-text\">Materia, Mare, Visione<\/p><\/div>\n<\/div>\n\n\n\n<div class=\"wp-block-uagb-container uagb-block-f9efcb28 alignfull uagb-is-root-container\">\n<div class=\"wp-block-uagb-container uagb-block-648aab45\">\n<div class=\"wp-block-uagb-advanced-heading uagb-block-3906a769\"><h1 class=\"uagb-heading-text\">La Mer en Mati\u00e8re<\/h1><\/div>\n\n\n\n<div class=\"wp-block-uagb-advanced-heading uagb-block-251c12d2 sbc-reveal giustificato\"><p class=\"uagb-heading-text\">La mer et l'art ont toujours \u00e9t\u00e9 parmi les constantes de ma vie. Je me demandais souvent, et je me le demande encore aujourd'hui, ce qu'il faut pour \u00eatre un bon cuisinier, et je trouvais souvent, et je trouve encore, la r\u00e9ponse dans la mer et dans l'art, avec leur \u00e9nergie, leur beaut\u00e9 et leur myst\u00e8re.<br><br>En tant que fils d'un peuple de navigateurs, je me suis demand\u00e9 quelle \u00e9tait la bonne route pour grandir et apprendre le m\u00e9tier : je voulais explorer, comprendre et voir. J'ai \u00e9t\u00e9 dans de nombreux endroits et j'ai eu la chance de travailler avec de grands ma\u00eetres.<br><br>L'un d'eux en particulier est devenu d\u00e8s le d\u00e9but mon mentor, car en lui je reconnaissais le cuisinier moderne. De Gualtiero Marchesi j'ai appris que la cuisine est art et artisanat, technique et connaissance, mais aussi recherche et tradition. Mais surtout l'importance de l'enseignement qui part de nous-m\u00eames pour ensuite le transmettre aux autres : \"Sapere Aude\" \u2014 ose savoir.<br><br>Avoir autant voyag\u00e9 m'a amen\u00e9 \u00e0 aimer toujours davantage ma terre, en red\u00e9couvrant et en recherchant mes racines, en donnant valeur et art aux ingr\u00e9dients et aux traditions.<\/p><\/div>\n<\/div>\n\n\n\n<div class=\"wp-block-uagb-container uagb-block-34b88b45\"><div class=\"uagb-container__video-wrap\"><video autoplay loop muted playsinline><source src=\"https:\/\/salvatorebianco.it\/wp-content\/uploads\/12613695-uhd_3840_2160_60fps.mp4\" type=\"video\/mp4\"\/><\/video><\/div><\/div>\n<\/div>\n\n\n\n<div class=\"wp-block-uagb-container uagb-block-00552e7e alignfull uagb-is-root-container\">\n<div class=\"wp-block-uagb-container uagb-block-b039a611\">\n<div class=\"wp-block-uagb-image uagb-block-4ce64987 wp-block-uagb-image--layout-default wp-block-uagb-image--effect-static wp-block-uagb-image--align-none\"><figure class=\"wp-block-uagb-image__figure\"><img decoding=\"async\" srcset=\"https:\/\/salvatorebianco.it\/wp-content\/uploads\/image00016-1024x683.jpg ,https:\/\/salvatorebianco.it\/wp-content\/uploads\/image00016.jpg 780w, https:\/\/salvatorebianco.it\/wp-content\/uploads\/image00016.jpg 360w\" sizes=\"auto, (max-width: 480px) 150px\" src=\"https:\/\/salvatorebianco.it\/wp-content\/uploads\/image00016-1024x683.jpg\" alt=\"\" class=\"uag-image-1340\" width=\"1024\" height=\"683\" title=\"image00016\" loading=\"lazy\" role=\"img\"\/><\/figure><\/div>\n<\/div>\n\n\n\n<div class=\"wp-block-uagb-container uagb-block-50b1731c\">\n<div class=\"wp-block-uagb-image uagb-block-74f0faaf wp-block-uagb-image--layout-default wp-block-uagb-image--effect-static wp-block-uagb-image--align-none\"><figure class=\"wp-block-uagb-image__figure\"><img decoding=\"async\" srcset=\"https:\/\/salvatorebianco.it\/wp-content\/uploads\/Salvatorebiancochef_5-1024x682.png ,https:\/\/salvatorebianco.it\/wp-content\/uploads\/Salvatorebiancochef_5.png 780w, https:\/\/salvatorebianco.it\/wp-content\/uploads\/Salvatorebiancochef_5.png 360w\" sizes=\"auto, (max-width: 480px) 150px\" src=\"https:\/\/salvatorebianco.it\/wp-content\/uploads\/Salvatorebiancochef_5-1024x682.png\" alt=\"\" class=\"uag-image-1755\" width=\"1024\" height=\"682\" title=\"Salvatorebiancochef_5\" loading=\"lazy\" role=\"img\"\/><\/figure><\/div>\n<\/div>\n\n\n\n<div class=\"wp-block-uagb-container uagb-block-b6058554\">\n<div class=\"wp-block-uagb-image uagb-block-2061d51d wp-block-uagb-image--layout-default wp-block-uagb-image--effect-static wp-block-uagb-image--align-none\"><figure class=\"wp-block-uagb-image__figure\"><img decoding=\"async\" srcset=\"https:\/\/salvatorebianco.it\/wp-content\/uploads\/Salvatorebiancochef_small_3.png ,https:\/\/salvatorebianco.it\/wp-content\/uploads\/Salvatorebiancochef_small_3.png 780w, https:\/\/salvatorebianco.it\/wp-content\/uploads\/Salvatorebiancochef_small_3.png 360w\" sizes=\"auto, (max-width: 480px) 150px\" src=\"https:\/\/salvatorebianco.it\/wp-content\/uploads\/Salvatorebiancochef_small_3.png\" alt=\"\" class=\"uag-image-1786\" width=\"2560\" height=\"1706\" title=\"Salvatorebiancochef_small_3\" loading=\"lazy\" role=\"img\"\/><\/figure><\/div>\n<\/div>\n<\/div>\n\n\n\n<div class=\"wp-block-uagb-container uagb-layout-grid uagb-block-0f602079 alignfull uagb-is-root-container\"><div class=\"uagb-container-inner-blocks-wrap\">\n<div class=\"wp-block-uagb-container uagb-block-f435a508\">\n<div class=\"wp-block-uagb-advanced-heading uagb-block-fc3a6c8d\"><h2 class=\"uagb-heading-text\">Restons en Contact<\/h2><p class=\"uagb-desc-text\">Chaque grand plat na\u00eet d'une rencontre. Parlez-moi de votre id\u00e9e et transformons-la en une exp\u00e9rience gastronomique sur mesure.<\/p><\/div>\n\n\n\n<div class=\"wp-block-uagb-container uagb-block-d9013e49\">\n<div class=\"wp-block-group is-content-justification-center is-nowrap is-layout-flex wp-container-core-group-is-layout-23441af8 wp-block-group-is-layout-flex\">\n<div class=\"wp-block-button\"><a class=\"wp-block-button__link wp-element-button\" href=\"https:\/\/salvatorebianco.it\/fr\/contatti\/#form\">ACC\u00c9DER AU FORMULAIRE<\/a><\/div>\n<\/div>\n<\/div>\n<\/div>\n<\/div><\/div>","protected":false},"excerpt":{"rendered":"<p>Materia, Mare, Visione Il mare in materia Il mare e l\u2019arte sono stati sempre tra le costanti della mia vita. [&hellip;]<\/p>\n","protected":false},"author":1,"featured_media":0,"parent":0,"menu_order":0,"comment_status":"closed","ping_status":"closed","template":"","meta":{"_uag_custom_page_level_css":"","site-sidebar-layout":"default","site-content-layout":"","ast-site-content-layout":"default","site-content-style":"default","site-sidebar-style":"default","ast-global-header-display":"","ast-banner-title-visibility":"","ast-main-header-display":"","ast-hfb-above-header-display":"","ast-hfb-below-header-display":"","ast-hfb-mobile-header-display":"","site-post-title":"disabled","ast-breadcrumbs-content":"","ast-featured-img":"","footer-sml-layout":"","ast-disable-related-posts":"","theme-transparent-header-meta":"","adv-header-id-meta":"","stick-header-meta":"","header-above-stick-meta":"","header-main-stick-meta":"","header-below-stick-meta":"","astra-migrate-meta-layouts":"default","ast-page-background-enabled":"default","ast-page-background-meta":{"desktop":{"background-color":"var(--ast-global-color-5)","background-image":"","background-repeat":"repeat","background-position":"center center","background-size":"auto","background-attachment":"scroll","background-type":"","background-media":"","overlay-type":"","overlay-color":"","overlay-opacity":"","overlay-gradient":""},"tablet":{"background-color":"","background-image":"","background-repeat":"repeat","background-position":"center center","background-size":"auto","background-attachment":"scroll","background-type":"","background-media":"","overlay-type":"","overlay-color":"","overlay-opacity":"","overlay-gradient":""},"mobile":{"background-color":"","background-image":"","background-repeat":"repeat","background-position":"center center","background-size":"auto","background-attachment":"scroll","background-type":"","background-media":"","overlay-type":"","overlay-color":"","overlay-opacity":"","overlay-gradient":""}},"ast-content-background-meta":{"desktop":{"background-color":"var(--ast-global-color-4)","background-image":"","background-repeat":"repeat","background-position":"center center","background-size":"auto","background-attachment":"scroll","background-type":"","background-media":"","overlay-type":"","overlay-color":"","overlay-opacity":"","overlay-gradient":""},"tablet":{"background-color":"var(--ast-global-color-4)","background-image":"","background-repeat":"repeat","background-position":"center center","background-size":"auto","background-attachment":"scroll","background-type":"","background-media":"","overlay-type":"","overlay-color":"","overlay-opacity":"","overlay-gradient":""},"mobile":{"background-color":"var(--ast-global-color-4)","background-image":"","background-repeat":"repeat","background-position":"center center","background-size":"auto","background-attachment":"scroll","background-type":"","background-media":"","overlay-type":"","overlay-color":"","overlay-opacity":"","overlay-gradient":""}},"footnotes":""},"class_list":["post-1411","page","type-page","status-publish","hentry"],"uagb_featured_image_src":{"full":false,"thumbnail":false,"medium":false,"medium_large":false,"large":false,"1536x1536":false,"2048x2048":false,"trp-custom-language-flag":false,"gform-image-choice-sm":false,"gform-image-choice-md":false,"gform-image-choice-lg":false},"uagb_author_info":{"display_name":"admin","author_link":"https:\/\/salvatorebianco.it\/fr\/author\/mail_yesdtncl\/"},"uagb_comment_info":0,"uagb_excerpt":"Materia, Mare, Visione Il mare in materia Il mare e l\u2019arte sono stati sempre tra le costanti della mia vita. [&hellip;]","_links":{"self":[{"href":"https:\/\/salvatorebianco.it\/fr\/wp-json\/wp\/v2\/pages\/1411","targetHints":{"allow":["GET"]}}],"collection":[{"href":"https:\/\/salvatorebianco.it\/fr\/wp-json\/wp\/v2\/pages"}],"about":[{"href":"https:\/\/salvatorebianco.it\/fr\/wp-json\/wp\/v2\/types\/page"}],"author":[{"embeddable":true,"href":"https:\/\/salvatorebianco.it\/fr\/wp-json\/wp\/v2\/users\/1"}],"replies":[{"embeddable":true,"href":"https:\/\/salvatorebianco.it\/fr\/wp-json\/wp\/v2\/comments?post=1411"}],"version-history":[{"count":23,"href":"https:\/\/salvatorebianco.it\/fr\/wp-json\/wp\/v2\/pages\/1411\/revisions"}],"predecessor-version":[{"id":1795,"href":"https:\/\/salvatorebianco.it\/fr\/wp-json\/wp\/v2\/pages\/1411\/revisions\/1795"}],"wp:attachment":[{"href":"https:\/\/salvatorebianco.it\/fr\/wp-json\/wp\/v2\/media?parent=1411"}],"curies":[{"name":"wp","href":"https:\/\/api.w.org\/{rel}","templated":true}]}}