{"id":70,"date":"2026-01-08T15:06:37","date_gmt":"2026-01-08T15:06:37","guid":{"rendered":"https:\/\/salvatorebianco.it\/?page_id=70"},"modified":"2026-04-04T14:58:50","modified_gmt":"2026-04-04T14:58:50","slug":"mission","status":"publish","type":"page","link":"https:\/\/salvatorebianco.it\/fr\/mission\/","title":{"rendered":"Mission"},"content":{"rendered":"<div class=\"wp-block-uagb-container uagb-block-997b91ac alignfull uagb-is-root-container\">\n<div class=\"wp-block-uagb-advanced-heading uagb-block-97862aaa\"><p class=\"uagb-heading-text\">La Mati\u00e8re devient exp\u00e9rience<\/p><\/div>\n<\/div>\n\n\n\n<div class=\"wp-block-uagb-container uagb-block-84b075f7 alignfull uagb-is-root-container\">\n<div class=\"wp-block-uagb-advanced-heading uagb-block-b921bc32\"><h1 class=\"uagb-heading-text\">La Cuisine comme Langage<\/h1><\/div>\n\n\n\n<div class=\"wp-block-uagb-advanced-heading uagb-block-9d14efbd giustificato sbc-reveal\"><p class=\"uagb-heading-text\">Un relato hecho de gestos, memoria e intuici\u00f3n, donde cada plato se convierte en palabra y cada sabor encuentra su voz. La cocina es mi manera de comunicar emociones, visiones y recuerdos, transformando ingredientes y t\u00e9cnica en un di\u00e1logo silencioso entre quien crea y quien degusta. No solo nutrici\u00f3n, sino expresi\u00f3n aut\u00e9ntica de identidad y sensibilidad.<\/p><\/div>\n<\/div>\n\n\n\n<div class=\"wp-block-uagb-container uagb-block-f9efcb28 alignfull uagb-is-root-container\">\n<div class=\"wp-block-uagb-container uagb-block-648aab45\">\n<div class=\"wp-block-uagb-advanced-heading uagb-block-3906a769\"><h1 class=\"uagb-heading-text\">Des Gestes qui Racontent<\/h1><\/div>\n\n\n\n<div class=\"wp-block-uagb-advanced-heading uagb-block-251c12d2 sbc-reveal giustificato\"><p class=\"uagb-heading-text\">Chaque mouvement en cuisine na\u00eet d'une pens\u00e9e pr\u00e9cise : technique, exp\u00e9rience et sensibilit\u00e9 se fondent pour donner forme \u00e0 des plats qui parlent sans avoir besoin de mots, transformant la pr\u00e9paration en un acte expressif.<\/p><\/div>\n<\/div>\n\n\n\n<div class=\"wp-block-uagb-container uagb-block-34b88b45\">\n<div class=\"wp-block-uagb-image uagb-block-ad7e5ed4 wp-block-uagb-image--layout-default wp-block-uagb-image--effect-static wp-block-uagb-image--align-none\"><figure class=\"wp-block-uagb-image__figure\"><img decoding=\"async\" srcset=\"https:\/\/salvatorebianco.it\/wp-content\/uploads\/Salvatore-Bianco-Chef-Ritratto.jpg ,https:\/\/salvatorebianco.it\/wp-content\/uploads\/Salvatore-Bianco-Chef-Ritratto.jpg 780w, https:\/\/salvatorebianco.it\/wp-content\/uploads\/Salvatore-Bianco-Chef-Ritratto.jpg 360w\" sizes=\"auto, (max-width: 480px) 150px\" src=\"https:\/\/salvatorebianco.it\/wp-content\/uploads\/Salvatore-Bianco-Chef-Ritratto.jpg\" alt=\"\" class=\"uag-image-1621\" width=\"2560\" height=\"1706\" title=\"Salvatore-Bianco-Chef-Ritratto\" loading=\"lazy\" role=\"img\"\/><\/figure><\/div>\n<\/div>\n<\/div>\n\n\n\n<div class=\"wp-block-uagb-container uagb-block-b1497712 alignfull uagb-is-root-container\">\n<div class=\"wp-block-uagb-container uagb-block-fac49218\">\n<div class=\"wp-block-uagb-advanced-heading uagb-block-5c0f827a\"><h2 class=\"uagb-heading-text\">Des \u00c9motions \u00e0 Partager<\/h2><\/div>\n\n\n\n<div class=\"wp-block-uagb-advanced-heading uagb-block-da98626e sbc-reveal giustificato\"><p class=\"uagb-heading-text\">Le go\u00fbt devient un pont entre celui qui cr\u00e9e et celui qui go\u00fbte. Saveurs, ar\u00f4mes et textures construisent un dialogue intime, capable de laisser un souvenir et de transformer chaque exp\u00e9rience \u00e0 table en quelque chose de personnel.<\/p><\/div>\n<\/div>\n\n\n\n<div class=\"wp-block-uagb-container uagb-block-48ed8cbc\">\n<div class=\"wp-block-uagb-image uagb-block-0de2d8e6 wp-block-uagb-image--layout-default wp-block-uagb-image--effect-static wp-block-uagb-image--align-none\"><figure class=\"wp-block-uagb-image__figure\"><img decoding=\"async\" srcset=\"https:\/\/salvatorebianco.it\/wp-content\/uploads\/Carosello2.jpg ,https:\/\/salvatorebianco.it\/wp-content\/uploads\/Carosello2.jpg 780w, https:\/\/salvatorebianco.it\/wp-content\/uploads\/Carosello2.jpg 360w\" sizes=\"auto, (max-width: 480px) 150px\" src=\"https:\/\/salvatorebianco.it\/wp-content\/uploads\/Carosello2.jpg\" alt=\"\" class=\"uag-image-1260\" width=\"759\" height=\"687\" title=\"Carosello2\" loading=\"lazy\" role=\"img\"\/><\/figure><\/div>\n<\/div>\n<\/div>","protected":false},"excerpt":{"rendered":"<p>La Materia diventa esperienza. La cucina come linguaggio Un racconto fatto di gesti, memoria e intuizione, dove ogni piatto diventa [&hellip;]<\/p>\n","protected":false},"author":1,"featured_media":0,"parent":0,"menu_order":0,"comment_status":"closed","ping_status":"closed","template":"","meta":{"_uag_custom_page_level_css":"","site-sidebar-layout":"no-sidebar","site-content-layout":"","ast-site-content-layout":"full-width-container","site-content-style":"default","site-sidebar-style":"default","ast-global-header-display":"","ast-banner-title-visibility":"","ast-main-header-display":"","ast-hfb-above-header-display":"","ast-hfb-below-header-display":"","ast-hfb-mobile-header-display":"","site-post-title":"disabled","ast-breadcrumbs-content":"","ast-featured-img":"disabled","footer-sml-layout":"","ast-disable-related-posts":"","theme-transparent-header-meta":"","adv-header-id-meta":"","stick-header-meta":"","header-above-stick-meta":"","header-main-stick-meta":"","header-below-stick-meta":"","astra-migrate-meta-layouts":"default","ast-page-background-enabled":"default","ast-page-background-meta":{"desktop":{"background-color":"var(--ast-global-color-5)","background-image":"","background-repeat":"repeat","background-position":"center center","background-size":"auto","background-attachment":"scroll","background-type":"","background-media":"","overlay-type":"","overlay-color":"","overlay-opacity":"","overlay-gradient":""},"tablet":{"background-color":"","background-image":"","background-repeat":"repeat","background-position":"center center","background-size":"auto","background-attachment":"scroll","background-type":"","background-media":"","overlay-type":"","overlay-color":"","overlay-opacity":"","overlay-gradient":""},"mobile":{"background-color":"","background-image":"","background-repeat":"repeat","background-position":"center center","background-size":"auto","background-attachment":"scroll","background-type":"","background-media":"","overlay-type":"","overlay-color":"","overlay-opacity":"","overlay-gradient":""}},"ast-content-background-meta":{"desktop":{"background-color":"var(--ast-global-color-4)","background-image":"","background-repeat":"repeat","background-position":"center center","background-size":"auto","background-attachment":"scroll","background-type":"","background-media":"","overlay-type":"","overlay-color":"","overlay-opacity":"","overlay-gradient":""},"tablet":{"background-color":"var(--ast-global-color-4)","background-image":"","background-repeat":"repeat","background-position":"center center","background-size":"auto","background-attachment":"scroll","background-type":"","background-media":"","overlay-type":"","overlay-color":"","overlay-opacity":"","overlay-gradient":""},"mobile":{"background-color":"var(--ast-global-color-4)","background-image":"","background-repeat":"repeat","background-position":"center center","background-size":"auto","background-attachment":"scroll","background-type":"","background-media":"","overlay-type":"","overlay-color":"","overlay-opacity":"","overlay-gradient":""}},"footnotes":""},"class_list":["post-70","page","type-page","status-publish","hentry"],"uagb_featured_image_src":{"full":false,"thumbnail":false,"medium":false,"medium_large":false,"large":false,"1536x1536":false,"2048x2048":false,"trp-custom-language-flag":false,"gform-image-choice-sm":false,"gform-image-choice-md":false,"gform-image-choice-lg":false},"uagb_author_info":{"display_name":"admin","author_link":"https:\/\/salvatorebianco.it\/fr\/author\/mail_yesdtncl\/"},"uagb_comment_info":0,"uagb_excerpt":"La Materia diventa esperienza. La cucina come linguaggio Un racconto fatto di gesti, memoria e intuizione, dove ogni piatto diventa [&hellip;]","_links":{"self":[{"href":"https:\/\/salvatorebianco.it\/fr\/wp-json\/wp\/v2\/pages\/70","targetHints":{"allow":["GET"]}}],"collection":[{"href":"https:\/\/salvatorebianco.it\/fr\/wp-json\/wp\/v2\/pages"}],"about":[{"href":"https:\/\/salvatorebianco.it\/fr\/wp-json\/wp\/v2\/types\/page"}],"author":[{"embeddable":true,"href":"https:\/\/salvatorebianco.it\/fr\/wp-json\/wp\/v2\/users\/1"}],"replies":[{"embeddable":true,"href":"https:\/\/salvatorebianco.it\/fr\/wp-json\/wp\/v2\/comments?post=70"}],"version-history":[{"count":16,"href":"https:\/\/salvatorebianco.it\/fr\/wp-json\/wp\/v2\/pages\/70\/revisions"}],"predecessor-version":[{"id":1743,"href":"https:\/\/salvatorebianco.it\/fr\/wp-json\/wp\/v2\/pages\/70\/revisions\/1743"}],"wp:attachment":[{"href":"https:\/\/salvatorebianco.it\/fr\/wp-json\/wp\/v2\/media?parent=70"}],"curies":[{"name":"wp","href":"https:\/\/api.w.org\/{rel}","templated":true}]}}